{"id":552,"date":"2021-01-21T15:04:06","date_gmt":"2021-01-21T15:04:06","guid":{"rendered":"https:\/\/lauriesko.ee\/?page_id=552"},"modified":"2021-01-21T15:04:06","modified_gmt":"2021-01-21T15:04:06","slug":"kontakt","status":"publish","type":"page","link":"https:\/\/lauriesko.ee\/en\/kontakt\/","title":{"rendered":"Kontakt"},"content":{"rendered":"\t\t<div data-elementor-type=\"wp-page\" data-elementor-id=\"552\" class=\"elementor elementor-552\">\n\t\t\t\t\t\t<section class=\"elementor-section elementor-top-section elementor-element elementor-element-91e6bb0 elementor-section-boxed elementor-section-height-default elementor-section-height-default\" data-id=\"91e6bb0\" data-element_type=\"section\">\n\t\t\t\t\t\t<div class=\"elementor-container elementor-column-gap-default\">\n\t\t\t\t\t<div class=\"elementor-column elementor-col-100 elementor-top-column elementor-element elementor-element-498b7e3\" data-id=\"498b7e3\" data-element_type=\"column\">\n\t\t\t<div class=\"elementor-widget-wrap elementor-element-populated\">\n\t\t\t\t\t\t<div class=\"elementor-element elementor-element-2e2de91 elementor-widget elementor-widget-heading\" data-id=\"2e2de91\" data-element_type=\"widget\" data-widget_type=\"heading.default\">\n\t\t\t\t<div class=\"elementor-widget-container\">\n\t\t\t\t\t<h2 class=\"elementor-heading-title elementor-size-default\"><h3 style=\"margin-bottom: 1.21739em;line-height: 1.21739\"><font color=\"#a70011\">Sul on k\u00fcsimus, meil on vastus. Sul on mure, mul on lahendus.<br><\/font><font color=\"#000000\">Kui sul tekkis kinnisvaraalane k\u00fcsimus, siis v\u00f5ta julgelt \u00fchendust ja leiame koos parima lahenduse!<\/font><\/h3><\/h2>\t\t\t\t<\/div>\n\t\t\t\t<\/div>\n\t\t\t\t\t<\/div>\n\t\t<\/div>\n\t\t\t\t\t<\/div>\n\t\t<\/section>\n\t\t\t\t<section class=\"elementor-section elementor-top-section elementor-element elementor-element-18ebb0f elementor-section-boxed elementor-section-height-default elementor-section-height-default\" data-id=\"18ebb0f\" data-element_type=\"section\">\n\t\t\t\t\t\t<div class=\"elementor-container elementor-column-gap-default\">\n\t\t\t\t\t<div class=\"elementor-column elementor-col-50 elementor-top-column elementor-element elementor-element-f40284d\" data-id=\"f40284d\" data-element_type=\"column\">\n\t\t\t<div class=\"elementor-widget-wrap elementor-element-populated\">\n\t\t\t\t\t\t<section class=\"elementor-section elementor-inner-section elementor-element elementor-element-ce3875b elementor-section-full_width elementor-section-height-default elementor-section-height-default\" data-id=\"ce3875b\" data-element_type=\"section\">\n\t\t\t\t\t\t<div class=\"elementor-container elementor-column-gap-default\">\n\t\t\t\t\t<div class=\"elementor-column elementor-col-100 elementor-inner-column elementor-element elementor-element-2a5c926\" data-id=\"2a5c926\" data-element_type=\"column\">\n\t\t\t<div class=\"elementor-widget-wrap elementor-element-populated\">\n\t\t\t\t\t\t<div class=\"elementor-element elementor-element-e3313e4 elementor-align-left elementor-list-item-link-inline elementor-mobile-align-left elementor-icon-list--layout-traditional elementor-widget elementor-widget-icon-list\" data-id=\"e3313e4\" data-element_type=\"widget\" data-widget_type=\"icon-list.default\">\n\t\t\t\t<div class=\"elementor-widget-container\">\n\t\t\t\t\t\t\t<ul class=\"elementor-icon-list-items\">\n\t\t\t\t\t\t\t<li class=\"elementor-icon-list-item\">\n\t\t\t\t\t\t\t\t\t\t\t<a href=\"mailto:lauri.esko@1partner.ee\">\n\n\t\t\t\t\t\t\t\t\t\t\t\t<span class=\"elementor-icon-list-icon\">\n\t\t\t\t\t\t\t<i aria-hidden=\"true\" class=\"fas fa-pen\"><\/i>\t\t\t\t\t\t<\/span>\n\t\t\t\t\t\t\t\t\t\t<span class=\"elementor-icon-list-text\">lauri.esko@1partner.ee<\/span>\n\t\t\t\t\t\t\t\t\t\t\t<\/a>\n\t\t\t\t\t\t\t\t\t<\/li>\n\t\t\t\t\t\t\t\t<li class=\"elementor-icon-list-item\">\n\t\t\t\t\t\t\t\t\t\t\t<a href=\"tel:+3725050312\">\n\n\t\t\t\t\t\t\t\t\t\t\t\t<span class=\"elementor-icon-list-icon\">\n\t\t\t\t\t\t\t<i aria-hidden=\"true\" class=\"fas fa-phone-alt\"><\/i>\t\t\t\t\t\t<\/span>\n\t\t\t\t\t\t\t\t\t\t<span class=\"elementor-icon-list-text\">+372 505 0312<\/span>\n\t\t\t\t\t\t\t\t\t\t\t<\/a>\n\t\t\t\t\t\t\t\t\t<\/li>\n\t\t\t\t\t\t\t\t<li class=\"elementor-icon-list-item\">\n\t\t\t\t\t\t\t\t\t\t\t<a href=\"http:\/\/www.lauriesko.ee\">\n\n\t\t\t\t\t\t\t\t\t\t\t\t<span class=\"elementor-icon-list-icon\">\n\t\t\t\t\t\t\t<i aria-hidden=\"true\" class=\"fas fa-home\"><\/i>\t\t\t\t\t\t<\/span>\n\t\t\t\t\t\t\t\t\t\t<span class=\"elementor-icon-list-text\">www.lauriesko.ee\n<\/span>\n\t\t\t\t\t\t\t\t\t\t\t<\/a>\n\t\t\t\t\t\t\t\t\t<\/li>\n\t\t\t\t\t\t\t\t<li class=\"elementor-icon-list-item\">\n\t\t\t\t\t\t\t\t\t\t\t<a href=\"https:\/\/www.1partner.ee\">\n\n\t\t\t\t\t\t\t\t\t\t\t\t<span class=\"elementor-icon-list-icon\">\n\t\t\t\t\t\t\t<i aria-hidden=\"true\" class=\"fas fa-home\"><\/i>\t\t\t\t\t\t<\/span>\n\t\t\t\t\t\t\t\t\t\t<span class=\"elementor-icon-list-text\">www.1partner.ee\n<\/span>\n\t\t\t\t\t\t\t\t\t\t\t<\/a>\n\t\t\t\t\t\t\t\t\t<\/li>\n\t\t\t\t\t\t\t\t<li class=\"elementor-icon-list-item\">\n\t\t\t\t\t\t\t\t\t\t\t<span class=\"elementor-icon-list-icon\">\n\t\t\t\t\t\t\t<i aria-hidden=\"true\" class=\"fas fa-map-pin\"><\/i>\t\t\t\t\t\t<\/span>\n\t\t\t\t\t\t\t\t\t\t<span class=\"elementor-icon-list-text\">R\u00e4vala pst 3, III korrus<font color=\"rgba(0, 0, 0, 0)\" face=\"var( --e-global-typography-text-font-family ), Sans-serif\"><span style=\"font-size: 1rem; font-weight: var( --e-global-typography-text-font-weight );\"><\/span><\/font><\/span>\n\t\t\t\t\t\t\t\t\t<\/li>\n\t\t\t\t\t\t<\/ul>\n\t\t\t\t\t\t<\/div>\n\t\t\t\t<\/div>\n\t\t\t\t\t<\/div>\n\t\t<\/div>\n\t\t\t\t\t<\/div>\n\t\t<\/section>\n\t\t\t\t\t<\/div>\n\t\t<\/div>\n\t\t\t\t<div class=\"elementor-column elementor-col-50 elementor-top-column elementor-element elementor-element-1aeee5e\" data-id=\"1aeee5e\" data-element_type=\"column\">\n\t\t\t<div class=\"elementor-widget-wrap elementor-element-populated\">\n\t\t\t\t\t\t<div class=\"elementor-element elementor-element-ff0b0c5 elementor-widget elementor-widget-image\" data-id=\"ff0b0c5\" data-element_type=\"widget\" data-widget_type=\"image.default\">\n\t\t\t\t<div class=\"elementor-widget-container\">\n\t\t\t\t\t\t\t\t\t\t\t\t\t\t\t<img decoding=\"async\" src=\"https:\/\/lauriesko.ee\/wp-content\/uploads\/2021\/01\/minust-pilt2.jpg\" title=\"\" alt=\"\" loading=\"lazy\" \/>\t\t\t\t\t\t\t\t\t\t\t\t\t\t\t<\/div>\n\t\t\t\t<\/div>\n\t\t\t\t\t<\/div>\n\t\t<\/div>\n\t\t\t\t\t<\/div>\n\t\t<\/section>\n\t\t\t\t<section class=\"elementor-section elementor-top-section elementor-element elementor-element-38956c9 elementor-section-boxed elementor-section-height-default elementor-section-height-default\" data-id=\"38956c9\" data-element_type=\"section\">\n\t\t\t\t\t\t<div class=\"elementor-container elementor-column-gap-default\">\n\t\t\t\t\t<div class=\"elementor-column elementor-col-100 elementor-top-column elementor-element elementor-element-e2c0ff4\" data-id=\"e2c0ff4\" data-element_type=\"column\">\n\t\t\t<div class=\"elementor-widget-wrap elementor-element-populated\">\n\t\t\t\t\t\t<div class=\"elementor-element elementor-element-5701f31 elementor-widget elementor-widget-wp-widget-wpforms-widget\" data-id=\"5701f31\" data-element_type=\"widget\" data-widget_type=\"wp-widget-wpforms-widget.default\">\n\t\t\t\t<div class=\"elementor-widget-container\">\n\t\t\t\t\t<h5>Palun t\u00e4ida j\u00e4rgmised v\u00e4ljad ja v\u00f5tan sinuga esimesel v\u00f5imalusel \u00fchendust<\/h5>\t\t\t\t<\/div>\n\t\t\t\t<\/div>\n\t\t\t\t\t<\/div>\n\t\t<\/div>\n\t\t\t\t\t<\/div>\n\t\t<\/section>\n\t\t\t\t<section class=\"elementor-section elementor-top-section elementor-element elementor-element-c0ebdfb elementor-section-boxed elementor-section-height-default elementor-section-height-default\" data-id=\"c0ebdfb\" data-element_type=\"section\">\n\t\t\t\t\t\t<div class=\"elementor-container elementor-column-gap-default\">\n\t\t\t\t\t<div class=\"elementor-column elementor-col-100 elementor-top-column elementor-element elementor-element-ba47614\" data-id=\"ba47614\" data-element_type=\"column\">\n\t\t\t<div class=\"elementor-widget-wrap elementor-element-populated\">\n\t\t\t\t\t\t<div class=\"elementor-element elementor-element-1e1478c elementor-widget elementor-widget-google_maps\" data-id=\"1e1478c\" data-element_type=\"widget\" data-widget_type=\"google_maps.default\">\n\t\t\t\t<div class=\"elementor-widget-container\">\n\t\t\t\t\t\t\t<div class=\"elementor-custom-embed\">\n\t\t\t<iframe loading=\"lazy\"\n\t\t\t\t\tsrc=\"https:\/\/maps.google.com\/maps?q=R%C3%A4vala%20puiestee%203&#038;t=m&#038;z=16&#038;output=embed&#038;iwloc=near\"\n\t\t\t\t\ttitle=\"R\u00e4vala puiestee 3\"\n\t\t\t\t\taria-label=\"R\u00e4vala puiestee 3\"\n\t\t\t><\/iframe>\n\t\t<\/div>\n\t\t\t\t\t\t<\/div>\n\t\t\t\t<\/div>\n\t\t\t\t\t<\/div>\n\t\t<\/div>\n\t\t\t\t\t<\/div>\n\t\t<\/section>\n\t\t\t\t<section class=\"elementor-section elementor-top-section elementor-element elementor-element-d8e59c4 elementor-section-boxed elementor-section-height-default elementor-section-height-default\" data-id=\"d8e59c4\" data-element_type=\"section\">\n\t\t\t\t\t\t<div class=\"elementor-container elementor-column-gap-default\">\n\t\t\t\t\t<div class=\"elementor-column elementor-col-100 elementor-top-column elementor-element elementor-element-25f084c\" data-id=\"25f084c\" data-element_type=\"column\">\n\t\t\t<div class=\"elementor-widget-wrap elementor-element-populated\">\n\t\t\t\t\t\t<div class=\"elementor-element elementor-element-149087d elementor-widget elementor-widget-shortcode\" data-id=\"149087d\" data-element_type=\"widget\" data-widget_type=\"shortcode.default\">\n\t\t\t\t<div class=\"elementor-widget-container\">\n\t\t\t\t\t\t\t<div class=\"elementor-shortcode\">[email-subscribers-form id=\"1\"]<\/div>\n\t\t\t\t\t\t<\/div>\n\t\t\t\t<\/div>\n\t\t\t\t\t<\/div>\n\t\t<\/div>\n\t\t\t\t\t<\/div>\n\t\t<\/section>\n\t\t\t\t<\/div>\n\t\t","protected":false},"excerpt":{"rendered":"<p>Sul on k\u00fcsimus, meil on vastus. Sul on mure, mul on lahendus.Kui sul tekkis kinnisvaraalane k\u00fcsimus, siis v\u00f5ta julgelt \u00fchendust ja leiame koos parima lahenduse! lauri.esko@1partner.ee +372 505 0312 www.lauriesko.ee www.1partner.ee R\u00e4vala pst 3, III korrus [email-subscribers-form id=&#8221;1&#8243;]<\/p>\n","protected":false},"author":2,"featured_media":0,"parent":0,"menu_order":0,"comment_status":"closed","ping_status":"closed","template":"full-width.php","meta":{"_monsterinsights_skip_tracking":false,"_monsterinsights_sitenote_active":false,"_monsterinsights_sitenote_note":"","_monsterinsights_sitenote_category":0,"footnotes":""},"class_list":["post-552","page","type-page","status-publish","hentry"],"yoast_head":"<!-- This site is optimized with the Yoast SEO plugin v25.6 - https:\/\/yoast.com\/wordpress\/plugins\/seo\/ -->\n<title>Kontakt -<\/title>\n<meta name=\"robots\" content=\"index, follow, max-snippet:-1, max-image-preview:large, max-video-preview:-1\" \/>\n<link rel=\"canonical\" href=\"https:\/\/lauriesko.ee\/en\/kontakt\/\" \/>\n<meta property=\"og:locale\" content=\"en_US\" \/>\n<meta property=\"og:type\" content=\"article\" \/>\n<meta property=\"og:title\" content=\"Kontakt -\" \/>\n<meta property=\"og:description\" content=\"Sul on k\u00fcsimus, meil on vastus. Sul on mure, mul on lahendus.Kui sul tekkis kinnisvaraalane k\u00fcsimus, siis v\u00f5ta julgelt \u00fchendust ja leiame koos parima lahenduse! lauri.esko@1partner.ee +372 505 0312 www.lauriesko.ee www.1partner.ee R\u00e4vala pst 3, III korrus [email-subscribers-form id=&#8221;1&#8243;]\" \/>\n<meta property=\"og:url\" content=\"https:\/\/lauriesko.ee\/en\/kontakt\/\" \/>\n<meta property=\"og:image\" content=\"https:\/\/lauriesko.ee\/wp-content\/uploads\/2021\/01\/minust-pilt2-260x300.jpg\" \/>\n<meta name=\"twitter:card\" content=\"summary_large_image\" \/>\n<meta name=\"twitter:label1\" content=\"Est. reading time\" \/>\n\t<meta name=\"twitter:data1\" content=\"1 minute\" \/>\n<script type=\"application\/ld+json\" class=\"yoast-schema-graph\">{\"@context\":\"https:\/\/schema.org\",\"@graph\":[{\"@type\":\"WebPage\",\"@id\":\"https:\/\/lauriesko.ee\/en\/kontakt\/\",\"url\":\"https:\/\/lauriesko.ee\/en\/kontakt\/\",\"name\":\"Kontakt -\",\"isPartOf\":{\"@id\":\"https:\/\/lauriesko.ee\/en\/#website\"},\"primaryImageOfPage\":{\"@id\":\"https:\/\/lauriesko.ee\/en\/kontakt\/#primaryimage\"},\"image\":{\"@id\":\"https:\/\/lauriesko.ee\/en\/kontakt\/#primaryimage\"},\"thumbnailUrl\":\"https:\/\/lauriesko.ee\/wp-content\/uploads\/2021\/01\/minust-pilt2-260x300.jpg\",\"datePublished\":\"2021-01-21T15:04:06+00:00\",\"breadcrumb\":{\"@id\":\"https:\/\/lauriesko.ee\/en\/kontakt\/#breadcrumb\"},\"inLanguage\":\"en-US\",\"potentialAction\":[{\"@type\":\"ReadAction\",\"target\":[\"https:\/\/lauriesko.ee\/en\/kontakt\/\"]}]},{\"@type\":\"ImageObject\",\"inLanguage\":\"en-US\",\"@id\":\"https:\/\/lauriesko.ee\/en\/kontakt\/#primaryimage\",\"url\":\"https:\/\/lauriesko.ee\/wp-content\/uploads\/2021\/01\/minust-pilt2-260x300.jpg\",\"contentUrl\":\"https:\/\/lauriesko.ee\/wp-content\/uploads\/2021\/01\/minust-pilt2-260x300.jpg\"},{\"@type\":\"BreadcrumbList\",\"@id\":\"https:\/\/lauriesko.ee\/en\/kontakt\/#breadcrumb\",\"itemListElement\":[{\"@type\":\"ListItem\",\"position\":1,\"name\":\"Home\",\"item\":\"https:\/\/lauriesko.ee\/en\/\"},{\"@type\":\"ListItem\",\"position\":2,\"name\":\"Kontakt\"}]},{\"@type\":\"WebSite\",\"@id\":\"https:\/\/lauriesko.ee\/en\/#website\",\"url\":\"https:\/\/lauriesko.ee\/en\/\",\"name\":\"\",\"description\":\"\",\"potentialAction\":[{\"@type\":\"SearchAction\",\"target\":{\"@type\":\"EntryPoint\",\"urlTemplate\":\"https:\/\/lauriesko.ee\/en\/?s={search_term_string}\"},\"query-input\":{\"@type\":\"PropertyValueSpecification\",\"valueRequired\":true,\"valueName\":\"search_term_string\"}}],\"inLanguage\":\"en-US\"}]}<\/script>\n<!-- \/ Yoast SEO plugin. -->","yoast_head_json":{"title":"Kontakt -","robots":{"index":"index","follow":"follow","max-snippet":"max-snippet:-1","max-image-preview":"max-image-preview:large","max-video-preview":"max-video-preview:-1"},"canonical":"https:\/\/lauriesko.ee\/en\/kontakt\/","og_locale":"en_US","og_type":"article","og_title":"Kontakt -","og_description":"Sul on k\u00fcsimus, meil on vastus. Sul on mure, mul on lahendus.Kui sul tekkis kinnisvaraalane k\u00fcsimus, siis v\u00f5ta julgelt \u00fchendust ja leiame koos parima lahenduse! lauri.esko@1partner.ee +372 505 0312 www.lauriesko.ee www.1partner.ee R\u00e4vala pst 3, III korrus [email-subscribers-form id=&#8221;1&#8243;]","og_url":"https:\/\/lauriesko.ee\/en\/kontakt\/","og_image":[{"url":"https:\/\/lauriesko.ee\/wp-content\/uploads\/2021\/01\/minust-pilt2-260x300.jpg","type":"","width":"","height":""}],"twitter_card":"summary_large_image","twitter_misc":{"Est. reading time":"1 minute"},"schema":{"@context":"https:\/\/schema.org","@graph":[{"@type":"WebPage","@id":"https:\/\/lauriesko.ee\/en\/kontakt\/","url":"https:\/\/lauriesko.ee\/en\/kontakt\/","name":"Kontakt -","isPartOf":{"@id":"https:\/\/lauriesko.ee\/en\/#website"},"primaryImageOfPage":{"@id":"https:\/\/lauriesko.ee\/en\/kontakt\/#primaryimage"},"image":{"@id":"https:\/\/lauriesko.ee\/en\/kontakt\/#primaryimage"},"thumbnailUrl":"https:\/\/lauriesko.ee\/wp-content\/uploads\/2021\/01\/minust-pilt2-260x300.jpg","datePublished":"2021-01-21T15:04:06+00:00","breadcrumb":{"@id":"https:\/\/lauriesko.ee\/en\/kontakt\/#breadcrumb"},"inLanguage":"en-US","potentialAction":[{"@type":"ReadAction","target":["https:\/\/lauriesko.ee\/en\/kontakt\/"]}]},{"@type":"ImageObject","inLanguage":"en-US","@id":"https:\/\/lauriesko.ee\/en\/kontakt\/#primaryimage","url":"https:\/\/lauriesko.ee\/wp-content\/uploads\/2021\/01\/minust-pilt2-260x300.jpg","contentUrl":"https:\/\/lauriesko.ee\/wp-content\/uploads\/2021\/01\/minust-pilt2-260x300.jpg"},{"@type":"BreadcrumbList","@id":"https:\/\/lauriesko.ee\/en\/kontakt\/#breadcrumb","itemListElement":[{"@type":"ListItem","position":1,"name":"Home","item":"https:\/\/lauriesko.ee\/en\/"},{"@type":"ListItem","position":2,"name":"Kontakt"}]},{"@type":"WebSite","@id":"https:\/\/lauriesko.ee\/en\/#website","url":"https:\/\/lauriesko.ee\/en\/","name":"","description":"","potentialAction":[{"@type":"SearchAction","target":{"@type":"EntryPoint","urlTemplate":"https:\/\/lauriesko.ee\/en\/?s={search_term_string}"},"query-input":{"@type":"PropertyValueSpecification","valueRequired":true,"valueName":"search_term_string"}}],"inLanguage":"en-US"}]}},"_links":{"self":[{"href":"https:\/\/lauriesko.ee\/en\/wp-json\/wp\/v2\/pages\/552","targetHints":{"allow":["GET"]}}],"collection":[{"href":"https:\/\/lauriesko.ee\/en\/wp-json\/wp\/v2\/pages"}],"about":[{"href":"https:\/\/lauriesko.ee\/en\/wp-json\/wp\/v2\/types\/page"}],"author":[{"embeddable":true,"href":"https:\/\/lauriesko.ee\/en\/wp-json\/wp\/v2\/users\/2"}],"replies":[{"embeddable":true,"href":"https:\/\/lauriesko.ee\/en\/wp-json\/wp\/v2\/comments?post=552"}],"version-history":[{"count":0,"href":"https:\/\/lauriesko.ee\/en\/wp-json\/wp\/v2\/pages\/552\/revisions"}],"wp:attachment":[{"href":"https:\/\/lauriesko.ee\/en\/wp-json\/wp\/v2\/media?parent=552"}],"curies":[{"name":"wp","href":"https:\/\/api.w.org\/{rel}","templated":true}]}}